{"id":128,"date":"2024-04-08T14:24:39","date_gmt":"2024-04-08T17:24:39","guid":{"rendered":"https:\/\/bodhicirugiaplastica.com\/?page_id=128"},"modified":"2024-05-06T14:10:05","modified_gmt":"2024-05-06T17:10:05","slug":"cirugia-plastica","status":"publish","type":"page","link":"https:\/\/bodhicirugiaplastica.com\/index.php\/cirugia-plastica\/","title":{"rendered":"Cirug\u00eda Pl\u00e1stica"},"content":{"rendered":"\t\t<div data-elementor-type=\"wp-page\" data-elementor-id=\"128\" class=\"elementor elementor-128\" data-elementor-post-type=\"page\">\n\t\t\t\t<div class=\"elementor-element elementor-element-3017cdb e-con-full e-flex e-con e-parent\" data-id=\"3017cdb\" data-element_type=\"container\" data-core-v316-plus=\"true\">\n\t\t\t\t<div class=\"elementor-element elementor-element-572105c elementor-widget__width-inherit elementor-widget elementor-widget-image\" data-id=\"572105c\" data-element_type=\"widget\" data-widget_type=\"image.default\">\n\t\t\t\t<div class=\"elementor-widget-container\">\n\t\t\t<style>\/*! elementor - v3.20.0 - 26-03-2024 *\/\n.elementor-widget-image{text-align:center}.elementor-widget-image a{display:inline-block}.elementor-widget-image a img[src$=\".svg\"]{width:48px}.elementor-widget-image img{vertical-align:middle;display:inline-block}<\/style>\t\t\t\t\t\t\t\t\t\t<img fetchpriority=\"high\" decoding=\"async\" width=\"10568\" height=\"2189\" src=\"https:\/\/bodhicirugiaplastica.com\/wp-content\/uploads\/2024\/04\/Recurso-12.png\" class=\"attachment-full size-full wp-image-176\" alt=\"\" srcset=\"https:\/\/bodhicirugiaplastica.com\/wp-content\/uploads\/2024\/04\/Recurso-12.png 10568w, https:\/\/bodhicirugiaplastica.com\/wp-content\/uploads\/2024\/04\/Recurso-12-300x62.png 300w, https:\/\/bodhicirugiaplastica.com\/wp-content\/uploads\/2024\/04\/Recurso-12-1024x212.png 1024w, https:\/\/bodhicirugiaplastica.com\/wp-content\/uploads\/2024\/04\/Recurso-12-768x159.png 768w, https:\/\/bodhicirugiaplastica.com\/wp-content\/uploads\/2024\/04\/Recurso-12-1536x318.png 1536w, https:\/\/bodhicirugiaplastica.com\/wp-content\/uploads\/2024\/04\/Recurso-12-2048x424.png 2048w\" sizes=\"(max-width: 10568px) 100vw, 10568px\" \/>\t\t\t\t\t\t\t\t\t\t\t\t\t<\/div>\n\t\t\t\t<\/div>\n\t\t\t\t<\/div>\n\t\t<div class=\"elementor-element elementor-element-2fb66b5 e-con-full e-flex e-con e-parent\" data-id=\"2fb66b5\" data-element_type=\"container\" data-core-v316-plus=\"true\">\n\t\t\t\t<div class=\"elementor-element elementor-element-8746e0f elementor-widget elementor-widget-heading\" data-id=\"8746e0f\" data-element_type=\"widget\" data-widget_type=\"heading.default\">\n\t\t\t\t<div class=\"elementor-widget-container\">\n\t\t\t<style>\/*! elementor - v3.20.0 - 26-03-2024 *\/\n.elementor-heading-title{padding:0;margin:0;line-height:1}.elementor-widget-heading .elementor-heading-title[class*=elementor-size-]>a{color:inherit;font-size:inherit;line-height:inherit}.elementor-widget-heading .elementor-heading-title.elementor-size-small{font-size:15px}.elementor-widget-heading .elementor-heading-title.elementor-size-medium{font-size:19px}.elementor-widget-heading .elementor-heading-title.elementor-size-large{font-size:29px}.elementor-widget-heading .elementor-heading-title.elementor-size-xl{font-size:39px}.elementor-widget-heading .elementor-heading-title.elementor-size-xxl{font-size:59px}<\/style><h2 class=\"elementor-heading-title elementor-size-default\">HOME \/ CIRUG\u00cdA PL\u00c1STICA<\/h2>\t\t<\/div>\n\t\t\t\t<\/div>\n\t\t\t\t<\/div>\n\t\t<div class=\"elementor-element elementor-element-b138a47 e-con-full e-flex e-con e-parent\" data-id=\"b138a47\" data-element_type=\"container\" data-core-v316-plus=\"true\">\n\t\t<div class=\"elementor-element elementor-element-1f93125 e-con-full e-flex e-con e-child\" data-id=\"1f93125\" data-element_type=\"container\">\n\t\t\t\t<div class=\"elementor-element elementor-element-8017a2e elementor-widget-tablet__width-initial elementor-widget elementor-widget-heading\" data-id=\"8017a2e\" data-element_type=\"widget\" data-widget_type=\"heading.default\">\n\t\t\t\t<div class=\"elementor-widget-container\">\n\t\t\t<h2 class=\"elementor-heading-title elementor-size-default\">SELECCIONE LA CIRUG\u00cdA<\/h2>\t\t<\/div>\n\t\t\t\t<\/div>\n\t\t\t\t<div class=\"elementor-element elementor-element-74e8aeb elementor-align-center elementor-widget elementor-widget-button\" data-id=\"74e8aeb\" data-element_type=\"widget\" data-widget_type=\"button.default\">\n\t\t\t\t<div class=\"elementor-widget-container\">\n\t\t\t\t\t<div class=\"elementor-button-wrapper\">\n\t\t\t<a class=\"elementor-button elementor-button-link elementor-size-sm elementor-animation-shrink\" href=\"https:\/\/bodhicirugiaplastica.com\/index.php\/2024\/04\/08\/cirugia-de-mamas\/\">\n\t\t\t\t\t\t<span class=\"elementor-button-content-wrapper\">\n\t\t\t\t\t\t<span class=\"elementor-button-text\">Cirug\u00eda de mamas<\/span>\n\t\t<\/span>\n\t\t\t\t\t<\/a>\n\t\t<\/div>\n\t\t\t\t<\/div>\n\t\t\t\t<\/div>\n\t\t\t\t<div class=\"elementor-element elementor-element-188abf2 elementor-align-center elementor-widget elementor-widget-button\" data-id=\"188abf2\" data-element_type=\"widget\" data-widget_type=\"button.default\">\n\t\t\t\t<div class=\"elementor-widget-container\">\n\t\t\t\t\t<div class=\"elementor-button-wrapper\">\n\t\t\t<a class=\"elementor-button elementor-button-link elementor-size-sm elementor-animation-shrink\" href=\"https:\/\/bodhicirugiaplastica.com\/index.php\/2024\/04\/08\/abdominoplastia\/\">\n\t\t\t\t\t\t<span class=\"elementor-button-content-wrapper\">\n\t\t\t\t\t\t<span class=\"elementor-button-text\">Abdominoplast\u00eda<\/span>\n\t\t<\/span>\n\t\t\t\t\t<\/a>\n\t\t<\/div>\n\t\t\t\t<\/div>\n\t\t\t\t<\/div>\n\t\t\t\t<div class=\"elementor-element elementor-element-ceb94fc elementor-align-center elementor-widget elementor-widget-button\" data-id=\"ceb94fc\" data-element_type=\"widget\" data-widget_type=\"button.default\">\n\t\t\t\t<div class=\"elementor-widget-container\">\n\t\t\t\t\t<div class=\"elementor-button-wrapper\">\n\t\t\t<a class=\"elementor-button elementor-button-link elementor-size-sm elementor-animation-shrink\" href=\"https:\/\/bodhicirugiaplastica.com\/index.php\/2024\/04\/08\/lipoescultura\/\">\n\t\t\t\t\t\t<span class=\"elementor-button-content-wrapper\">\n\t\t\t\t\t\t<span class=\"elementor-button-text\">Lipoescultura<\/span>\n\t\t<\/span>\n\t\t\t\t\t<\/a>\n\t\t<\/div>\n\t\t\t\t<\/div>\n\t\t\t\t<\/div>\n\t\t\t\t<\/div>\n\t\t<div class=\"elementor-element elementor-element-99a19e6 e-con-full e-flex e-con e-child\" data-id=\"99a19e6\" data-element_type=\"container\">\n\t\t\t\t<div class=\"elementor-element elementor-element-8e8f60e elementor-align-center elementor-widget elementor-widget-button\" data-id=\"8e8f60e\" data-element_type=\"widget\" data-widget_type=\"button.default\">\n\t\t\t\t<div class=\"elementor-widget-container\">\n\t\t\t\t\t<div class=\"elementor-button-wrapper\">\n\t\t\t<a class=\"elementor-button elementor-button-link elementor-size-sm elementor-animation-shrink\" href=\"https:\/\/bodhicirugiaplastica.com\/index.php\/2024\/04\/08\/blefaroplastia\/\">\n\t\t\t\t\t\t<span class=\"elementor-button-content-wrapper\">\n\t\t\t\t\t\t<span class=\"elementor-button-text\">Blefaroplast\u00eda<\/span>\n\t\t<\/span>\n\t\t\t\t\t<\/a>\n\t\t<\/div>\n\t\t\t\t<\/div>\n\t\t\t\t<\/div>\n\t\t\t\t<div class=\"elementor-element elementor-element-b4f4153 elementor-align-center elementor-widget elementor-widget-button\" data-id=\"b4f4153\" data-element_type=\"widget\" data-widget_type=\"button.default\">\n\t\t\t\t<div class=\"elementor-widget-container\">\n\t\t\t\t\t<div class=\"elementor-button-wrapper\">\n\t\t\t<a class=\"elementor-button elementor-button-link elementor-size-sm elementor-animation-shrink\" href=\"https:\/\/bodhicirugiaplastica.com\/index.php\/2024\/04\/08\/lifting-facial\/\">\n\t\t\t\t\t\t<span class=\"elementor-button-content-wrapper\">\n\t\t\t\t\t\t<span class=\"elementor-button-text\">Lifting facial<\/span>\n\t\t<\/span>\n\t\t\t\t\t<\/a>\n\t\t<\/div>\n\t\t\t\t<\/div>\n\t\t\t\t<\/div>\n\t\t\t\t<\/div>\n\t\t\t\t<\/div>\n\t\t<div class=\"elementor-element elementor-element-e0708d3 e-flex e-con-boxed e-con e-parent\" data-id=\"e0708d3\" data-element_type=\"container\" data-core-v316-plus=\"true\">\n\t\t\t\t\t<div class=\"e-con-inner\">\n\t\t<div class=\"elementor-element elementor-element-dfa9f3d e-flex e-con-boxed e-con e-child\" data-id=\"dfa9f3d\" data-element_type=\"container\">\n\t\t\t\t\t<div class=\"e-con-inner\">\n\t\t\t\t<div class=\"elementor-element elementor-element-2ca9e02 elementor-widget elementor-widget-heading\" data-id=\"2ca9e02\" data-element_type=\"widget\" data-widget_type=\"heading.default\">\n\t\t\t\t<div class=\"elementor-widget-container\">\n\t\t\t<h2 class=\"elementor-heading-title elementor-size-default\">CONSULTA<\/h2>\t\t<\/div>\n\t\t\t\t<\/div>\n\t\t\t\t\t<\/div>\n\t\t\t\t<\/div>\n\t\t\t\t<div class=\"elementor-element elementor-element-20180fa elementor-widget elementor-widget-heading\" data-id=\"20180fa\" data-element_type=\"widget\" data-widget_type=\"heading.default\">\n\t\t\t\t<div class=\"elementor-widget-container\">\n\t\t\t<h2 class=\"elementor-heading-title elementor-size-default\">Tenes dudas o queres solicitar un turno?<br>Escribinos tu consulta a nuestro WhatsApp<\/h2>\t\t<\/div>\n\t\t\t\t<\/div>\n\t\t\t\t<div class=\"elementor-element elementor-element-7d53b8e elementor-widget elementor-widget-button\" data-id=\"7d53b8e\" data-element_type=\"widget\" data-widget_type=\"button.default\">\n\t\t\t\t<div class=\"elementor-widget-container\">\n\t\t\t\t\t<div class=\"elementor-button-wrapper\">\n\t\t\t<a class=\"elementor-button elementor-button-link elementor-size-sm elementor-animation-shrink\" href=\"https:\/\/wa.me\/541140895281\">\n\t\t\t\t\t\t<span class=\"elementor-button-content-wrapper\">\n\t\t\t\t\t\t<span class=\"elementor-button-text\">Realizar Consulta<\/span>\n\t\t<\/span>\n\t\t\t\t\t<\/a>\n\t\t<\/div>\n\t\t\t\t<\/div>\n\t\t\t\t<\/div>\n\t\t\t\t\t<\/div>\n\t\t\t\t<\/div>\n\t\t\t\t<\/div>\n\t\t","protected":false},"excerpt":{"rendered":"<p>HOME \/ CIRUG\u00cdA PL\u00c1STICA SELECCIONE LA CIRUG\u00cdA Cirug\u00eda de mamas Abdominoplast\u00eda Lipoescultura Blefaroplast\u00eda Lifting facial CONSULTA Tenes dudas o queres solicitar un turno?Escribinos tu consulta a nuestro WhatsApp Realizar Consulta<\/p>\n","protected":false},"author":1,"featured_media":0,"parent":0,"menu_order":0,"comment_status":"closed","ping_status":"closed","template":"","meta":{"_monsterinsights_skip_tracking":false,"_monsterinsights_sitenote_active":false,"_monsterinsights_sitenote_note":"","_monsterinsights_sitenote_category":0,"footnotes":"","_joinchat":[]},"aioseo_notices":[],"_links":{"self":[{"href":"https:\/\/bodhicirugiaplastica.com\/index.php\/wp-json\/wp\/v2\/pages\/128"}],"collection":[{"href":"https:\/\/bodhicirugiaplastica.com\/index.php\/wp-json\/wp\/v2\/pages"}],"about":[{"href":"https:\/\/bodhicirugiaplastica.com\/index.php\/wp-json\/wp\/v2\/types\/page"}],"author":[{"embeddable":true,"href":"https:\/\/bodhicirugiaplastica.com\/index.php\/wp-json\/wp\/v2\/users\/1"}],"replies":[{"embeddable":true,"href":"https:\/\/bodhicirugiaplastica.com\/index.php\/wp-json\/wp\/v2\/comments?post=128"}],"version-history":[{"count":34,"href":"https:\/\/bodhicirugiaplastica.com\/index.php\/wp-json\/wp\/v2\/pages\/128\/revisions"}],"predecessor-version":[{"id":409,"href":"https:\/\/bodhicirugiaplastica.com\/index.php\/wp-json\/wp\/v2\/pages\/128\/revisions\/409"}],"wp:attachment":[{"href":"https:\/\/bodhicirugiaplastica.com\/index.php\/wp-json\/wp\/v2\/media?parent=128"}],"curies":[{"name":"wp","href":"https:\/\/api.w.org\/{rel}","templated":true}]}}