{"id":13,"date":"2024-04-02T14:38:19","date_gmt":"2024-04-02T17:38:19","guid":{"rendered":"https:\/\/bodhicirugiaplastica.com\/?page_id=13"},"modified":"2025-10-04T13:11:01","modified_gmt":"2025-10-04T16:11:01","slug":"home","status":"publish","type":"page","link":"https:\/\/bodhicirugiaplastica.com\/","title":{"rendered":"HOME"},"content":{"rendered":"\t\t<div data-elementor-type=\"wp-page\" data-elementor-id=\"13\" class=\"elementor elementor-13\" data-elementor-post-type=\"page\">\n\t\t\t\t<div class=\"elementor-element elementor-element-55d5f57 e-con-full e-flex e-con e-parent\" data-id=\"55d5f57\" data-element_type=\"container\" data-core-v316-plus=\"true\">\n\t\t\t\t<div class=\"elementor-element elementor-element-54862cf elementor-widget__width-inherit elementor-widget elementor-widget-image\" data-id=\"54862cf\" data-element_type=\"widget\" data-widget_type=\"image.default\">\n\t\t\t\t<div class=\"elementor-widget-container\">\n\t\t\t<style>\/*! elementor - v3.20.0 - 26-03-2024 *\/\n.elementor-widget-image{text-align:center}.elementor-widget-image a{display:inline-block}.elementor-widget-image a img[src$=\".svg\"]{width:48px}.elementor-widget-image img{vertical-align:middle;display:inline-block}<\/style>\t\t\t\t\t\t\t\t\t\t<img fetchpriority=\"high\" decoding=\"async\" width=\"2560\" height=\"1203\" src=\"https:\/\/bodhicirugiaplastica.com\/wp-content\/uploads\/2024\/05\/Mesa-de-trabajo-2-scaled.jpg\" class=\"attachment-full size-full wp-image-413\" alt=\"\" srcset=\"https:\/\/bodhicirugiaplastica.com\/wp-content\/uploads\/2024\/05\/Mesa-de-trabajo-2-scaled.jpg 2560w, https:\/\/bodhicirugiaplastica.com\/wp-content\/uploads\/2024\/05\/Mesa-de-trabajo-2-300x141.jpg 300w, https:\/\/bodhicirugiaplastica.com\/wp-content\/uploads\/2024\/05\/Mesa-de-trabajo-2-1024x481.jpg 1024w, https:\/\/bodhicirugiaplastica.com\/wp-content\/uploads\/2024\/05\/Mesa-de-trabajo-2-768x361.jpg 768w, https:\/\/bodhicirugiaplastica.com\/wp-content\/uploads\/2024\/05\/Mesa-de-trabajo-2-1536x722.jpg 1536w, https:\/\/bodhicirugiaplastica.com\/wp-content\/uploads\/2024\/05\/Mesa-de-trabajo-2-2048x962.jpg 2048w\" sizes=\"(max-width: 2560px) 100vw, 2560px\" \/>\t\t\t\t\t\t\t\t\t\t\t\t\t<\/div>\n\t\t\t\t<\/div>\n\t\t\t\t<\/div>\n\t\t<div class=\"elementor-element elementor-element-ba9fbcc e-con-full e-flex e-con e-parent\" data-id=\"ba9fbcc\" data-element_type=\"container\" data-core-v316-plus=\"true\">\n\t\t\t\t<div class=\"elementor-element elementor-element-1ac4820 elementor-widget elementor-widget-heading\" data-id=\"1ac4820\" data-element_type=\"widget\" data-widget_type=\"heading.default\">\n\t\t\t\t<div class=\"elementor-widget-container\">\n\t\t\t<style>\/*! elementor - v3.20.0 - 26-03-2024 *\/\n.elementor-heading-title{padding:0;margin:0;line-height:1}.elementor-widget-heading .elementor-heading-title[class*=elementor-size-]>a{color:inherit;font-size:inherit;line-height:inherit}.elementor-widget-heading .elementor-heading-title.elementor-size-small{font-size:15px}.elementor-widget-heading .elementor-heading-title.elementor-size-medium{font-size:19px}.elementor-widget-heading .elementor-heading-title.elementor-size-large{font-size:29px}.elementor-widget-heading .elementor-heading-title.elementor-size-xl{font-size:39px}.elementor-widget-heading .elementor-heading-title.elementor-size-xxl{font-size:59px}<\/style><h1 class=\"elementor-heading-title elementor-size-default\">NUESTRO PROPOSITO<\/h1>\t\t<\/div>\n\t\t\t\t<\/div>\n\t\t\t\t<\/div>\n\t\t<div class=\"elementor-element elementor-element-18c2137 e-con-full e-flex e-con e-parent\" data-id=\"18c2137\" data-element_type=\"container\" data-core-v316-plus=\"true\">\n\t\t\t\t<div class=\"elementor-element elementor-element-03b325d elementor-widget__width-inherit elementor-widget elementor-widget-heading\" data-id=\"03b325d\" data-element_type=\"widget\" data-widget_type=\"heading.default\">\n\t\t\t\t<div class=\"elementor-widget-container\">\n\t\t\t<h2 class=\"elementor-heading-title elementor-size-default\">Bodhi es un centro especializado en Cirug\u00eda Pl\u00e1stica y Medicina Est\u00e9tica que tiene como objetivo <span style=\"color: inherit; font-family: inherit; letter-spacing: 0px;\">reconocer  el valor de la belleza aut\u00e9ntica de cada individuo.<\/span><span style=\"color: inherit; font-family: inherit; letter-spacing: 0px;\"> Nos enorgullece ser un centro donde la est\u00e9tica se encuentra con la salud, creando un espacio donde la belleza y el bienestar integral convergen de manera armoniosa.<\/span><br><br>\nConf\u00eda en Bodhi para alcanzar tus objetivos est\u00e9ticos y experimentar una transformaci\u00f3n completa que no solo se refleje en tu apariencia, sino tambi\u00e9n en tu bienestar emocional.<\/h2>\t\t<\/div>\n\t\t\t\t<\/div>\n\t\t\t\t<\/div>\n\t\t<div class=\"elementor-element elementor-element-2709776 e-con-full e-flex e-con e-parent\" data-id=\"2709776\" data-element_type=\"container\" data-core-v316-plus=\"true\">\n\t\t<div class=\"elementor-element elementor-element-290d7b8 e-con-full e-flex e-con e-child\" data-id=\"290d7b8\" data-element_type=\"container\">\n\t\t\t\t<div class=\"elementor-element elementor-element-fbe0054 elementor-widget elementor-widget-image\" data-id=\"fbe0054\" data-element_type=\"widget\" data-widget_type=\"image.default\">\n\t\t\t\t<div class=\"elementor-widget-container\">\n\t\t\t\t\t\t\t\t\t\t\t\t\t\t<a href=\"https:\/\/bodhicirugiaplastica.com\/index.php\/cirugia-plastica\/\">\n\t\t\t\t\t\t\t<img decoding=\"async\" width=\"800\" height=\"887\" src=\"https:\/\/bodhicirugiaplastica.com\/wp-content\/uploads\/2024\/04\/FOTO-B-924x1024.png\" class=\"elementor-animation-shrink attachment-large size-large wp-image-58\" alt=\"\" srcset=\"https:\/\/bodhicirugiaplastica.com\/wp-content\/uploads\/2024\/04\/FOTO-B-924x1024.png 924w, https:\/\/bodhicirugiaplastica.com\/wp-content\/uploads\/2024\/04\/FOTO-B-271x300.png 271w, https:\/\/bodhicirugiaplastica.com\/wp-content\/uploads\/2024\/04\/FOTO-B-768x851.png 768w, https:\/\/bodhicirugiaplastica.com\/wp-content\/uploads\/2024\/04\/FOTO-B-1386x1536.png 1386w, https:\/\/bodhicirugiaplastica.com\/wp-content\/uploads\/2024\/04\/FOTO-B-1848x2048.png 1848w, https:\/\/bodhicirugiaplastica.com\/wp-content\/uploads\/2024\/04\/FOTO-B.png 1889w\" sizes=\"(max-width: 800px) 100vw, 800px\" \/>\t\t\t\t\t\t\t\t<\/a>\n\t\t\t\t\t\t\t\t\t\t\t\t\t<\/div>\n\t\t\t\t<\/div>\n\t\t\t\t<div class=\"elementor-element elementor-element-6735158 elementor-widget elementor-widget-heading\" data-id=\"6735158\" data-element_type=\"widget\" data-widget_type=\"heading.default\">\n\t\t\t\t<div class=\"elementor-widget-container\">\n\t\t\t<h2 class=\"elementor-heading-title elementor-size-default\"><a href=\"https:\/\/bodhicirugiaplastica.com\/index.php\/cirugia-plastica\/\">CIRUG\u00cdA PL\u00c1STICA<\/a><\/h2>\t\t<\/div>\n\t\t\t\t<\/div>\n\t\t\t\t<\/div>\n\t\t<div class=\"elementor-element elementor-element-a77acd5 e-con-full e-flex e-con e-child\" data-id=\"a77acd5\" data-element_type=\"container\">\n\t\t\t\t<div class=\"elementor-element elementor-element-9bccc2a elementor-widget elementor-widget-image\" data-id=\"9bccc2a\" data-element_type=\"widget\" data-widget_type=\"image.default\">\n\t\t\t\t<div class=\"elementor-widget-container\">\n\t\t\t\t\t\t\t\t\t\t\t\t\t\t<a href=\"https:\/\/bodhicirugiaplastica.com\/index.php\/estetica-no-invasiva\/\">\n\t\t\t\t\t\t\t<img decoding=\"async\" width=\"800\" height=\"887\" src=\"https:\/\/bodhicirugiaplastica.com\/wp-content\/uploads\/2024\/04\/FOTO-A-924x1024.png\" class=\"elementor-animation-shrink attachment-large size-large wp-image-60\" alt=\"\" srcset=\"https:\/\/bodhicirugiaplastica.com\/wp-content\/uploads\/2024\/04\/FOTO-A-924x1024.png 924w, https:\/\/bodhicirugiaplastica.com\/wp-content\/uploads\/2024\/04\/FOTO-A-271x300.png 271w, https:\/\/bodhicirugiaplastica.com\/wp-content\/uploads\/2024\/04\/FOTO-A-768x851.png 768w, https:\/\/bodhicirugiaplastica.com\/wp-content\/uploads\/2024\/04\/FOTO-A-1386x1536.png 1386w, https:\/\/bodhicirugiaplastica.com\/wp-content\/uploads\/2024\/04\/FOTO-A-1848x2048.png 1848w, https:\/\/bodhicirugiaplastica.com\/wp-content\/uploads\/2024\/04\/FOTO-A.png 1889w\" sizes=\"(max-width: 800px) 100vw, 800px\" \/>\t\t\t\t\t\t\t\t<\/a>\n\t\t\t\t\t\t\t\t\t\t\t\t\t<\/div>\n\t\t\t\t<\/div>\n\t\t\t\t<div class=\"elementor-element elementor-element-3e5778f elementor-widget elementor-widget-heading\" data-id=\"3e5778f\" data-element_type=\"widget\" data-widget_type=\"heading.default\">\n\t\t\t\t<div class=\"elementor-widget-container\">\n\t\t\t<h2 class=\"elementor-heading-title elementor-size-default\"><a href=\"https:\/\/bodhicirugiaplastica.com\/index.php\/estetica-no-invasiva\/\">EST\u00c9TICA NO INVASIVA<\/a><\/h2>\t\t<\/div>\n\t\t\t\t<\/div>\n\t\t\t\t<\/div>\n\t\t<div class=\"elementor-element elementor-element-398f396 e-con-full e-flex e-con e-child\" data-id=\"398f396\" data-element_type=\"container\">\n\t\t\t\t<div class=\"elementor-element elementor-element-88e1cde elementor-widget elementor-widget-image\" data-id=\"88e1cde\" data-element_type=\"widget\" data-widget_type=\"image.default\">\n\t\t\t\t<div class=\"elementor-widget-container\">\n\t\t\t\t\t\t\t\t\t\t\t\t\t\t<a href=\"https:\/\/bodhicirugiaplastica.com\/index.php\/medicina-integrativa\/\">\n\t\t\t\t\t\t\t<img loading=\"lazy\" decoding=\"async\" width=\"800\" height=\"887\" src=\"https:\/\/bodhicirugiaplastica.com\/wp-content\/uploads\/2024\/04\/FOTO-C-924x1024.png\" class=\"elementor-animation-shrink attachment-large size-large wp-image-59\" alt=\"\" srcset=\"https:\/\/bodhicirugiaplastica.com\/wp-content\/uploads\/2024\/04\/FOTO-C-924x1024.png 924w, https:\/\/bodhicirugiaplastica.com\/wp-content\/uploads\/2024\/04\/FOTO-C-271x300.png 271w, https:\/\/bodhicirugiaplastica.com\/wp-content\/uploads\/2024\/04\/FOTO-C-768x851.png 768w, https:\/\/bodhicirugiaplastica.com\/wp-content\/uploads\/2024\/04\/FOTO-C-1386x1536.png 1386w, https:\/\/bodhicirugiaplastica.com\/wp-content\/uploads\/2024\/04\/FOTO-C-1847x2048.png 1847w, https:\/\/bodhicirugiaplastica.com\/wp-content\/uploads\/2024\/04\/FOTO-C.png 1888w\" sizes=\"(max-width: 800px) 100vw, 800px\" \/>\t\t\t\t\t\t\t\t<\/a>\n\t\t\t\t\t\t\t\t\t\t\t\t\t<\/div>\n\t\t\t\t<\/div>\n\t\t\t\t<div class=\"elementor-element elementor-element-f578a9f elementor-widget elementor-widget-heading\" data-id=\"f578a9f\" data-element_type=\"widget\" data-widget_type=\"heading.default\">\n\t\t\t\t<div class=\"elementor-widget-container\">\n\t\t\t<h2 class=\"elementor-heading-title elementor-size-default\"><a href=\"https:\/\/bodhicirugiaplastica.com\/index.php\/medicina-integrativa\/\">MEDICINA INTEGRATIVA<\/a><\/h2>\t\t<\/div>\n\t\t\t\t<\/div>\n\t\t\t\t<\/div>\n\t\t\t\t<\/div>\n\t\t<div class=\"elementor-element elementor-element-83a3086 e-con-full e-flex e-con e-parent\" data-id=\"83a3086\" data-element_type=\"container\" data-core-v316-plus=\"true\">\n\t\t\t\t<div class=\"elementor-element elementor-element-d1f9f02 elementor-widget elementor-widget-heading\" data-id=\"d1f9f02\" data-element_type=\"widget\" data-widget_type=\"heading.default\">\n\t\t\t\t<div class=\"elementor-widget-container\">\n\t\t\t<h1 class=\"elementor-heading-title elementor-size-default\">\u00bfC\u00d3MO ES TU EXPERIENCIA EN BODHI?<\/h1>\t\t<\/div>\n\t\t\t\t<\/div>\n\t\t\t\t<\/div>\n\t\t<div class=\"elementor-element elementor-element-afcf73b e-con-full e-flex e-con e-parent\" data-id=\"afcf73b\" data-element_type=\"container\" data-core-v316-plus=\"true\">\n\t\t\t\t<div class=\"elementor-element elementor-element-a8be495 elementor-widget__width-inherit elementor-widget elementor-widget-heading\" data-id=\"a8be495\" data-element_type=\"widget\" data-widget_type=\"heading.default\">\n\t\t\t\t<div class=\"elementor-widget-container\">\n\t\t\t<h2 class=\"elementor-heading-title elementor-size-default\"><span style=\"font-size: 14px;\">En Bodhi te acompa\u00f1amos en cada etapa de tu proceso, ya sea a trav\u00e9s de una cirug\u00eda pl\u00e1stica o de un tratamiento est\u00e9tico. Creemos que todo cambio f\u00edsico genera un impacto en la persona, por eso lo abordamos tambi\u00e9n desde lo psicoemocional, para que puedas integrarlo y disfrutarlo plenamente.<\/span><\/h2>\t\t<\/div>\n\t\t\t\t<\/div>\n\t\t\t\t<\/div>\n\t\t<div class=\"elementor-element elementor-element-f07d68a e-con-full e-flex e-con e-parent\" data-id=\"f07d68a\" data-element_type=\"container\" data-core-v316-plus=\"true\">\n\t\t<div class=\"elementor-element elementor-element-0b2fd40 e-con-full e-flex e-con e-child\" data-id=\"0b2fd40\" data-element_type=\"container\">\n\t\t\t\t<div class=\"elementor-element elementor-element-2b103cc elementor-widget__width-initial elementor-widget elementor-widget-image\" data-id=\"2b103cc\" data-element_type=\"widget\" data-widget_type=\"image.default\">\n\t\t\t\t<div class=\"elementor-widget-container\">\n\t\t\t\t\t\t\t\t\t\t\t\t\t<img loading=\"lazy\" decoding=\"async\" width=\"768\" height=\"1024\" src=\"https:\/\/bodhicirugiaplastica.com\/wp-content\/uploads\/2024\/04\/Recurso-8-768x1024.png\" class=\"attachment-large size-large wp-image-77\" alt=\"\" srcset=\"https:\/\/bodhicirugiaplastica.com\/wp-content\/uploads\/2024\/04\/Recurso-8-768x1024.png 768w, https:\/\/bodhicirugiaplastica.com\/wp-content\/uploads\/2024\/04\/Recurso-8-225x300.png 225w, https:\/\/bodhicirugiaplastica.com\/wp-content\/uploads\/2024\/04\/Recurso-8-1152x1536.png 1152w, https:\/\/bodhicirugiaplastica.com\/wp-content\/uploads\/2024\/04\/Recurso-8-1536x2048.png 1536w\" sizes=\"(max-width: 768px) 100vw, 768px\" \/>\t\t\t\t\t\t\t\t\t\t\t\t\t<\/div>\n\t\t\t\t<\/div>\n\t\t\t\t<\/div>\n\t\t<div class=\"elementor-element elementor-element-e5ec983 e-con-full e-flex e-con e-child\" data-id=\"e5ec983\" data-element_type=\"container\">\n\t\t\t\t<div class=\"elementor-element elementor-element-23b1041 elementor-widget__width-initial elementor-widget-mobile__width-inherit elementor-widget elementor-widget-image\" data-id=\"23b1041\" data-element_type=\"widget\" data-widget_type=\"image.default\">\n\t\t\t\t<div class=\"elementor-widget-container\">\n\t\t\t\t\t\t\t\t\t\t\t\t\t<img decoding=\"async\" src=\"https:\/\/bodhicirugiaplastica.com\/wp-content\/uploads\/2025\/10\/CV.png\" title=\"CV\" alt=\"CV\" loading=\"lazy\" \/>\t\t\t\t\t\t\t\t\t\t\t\t\t<\/div>\n\t\t\t\t<\/div>\n\t\t\t\t<\/div>\n\t\t\t\t<\/div>\n\t\t<div class=\"elementor-element elementor-element-581c819 e-con-full e-flex e-con e-parent\" data-id=\"581c819\" data-element_type=\"container\" data-core-v316-plus=\"true\">\n\t\t\t\t<div class=\"elementor-element elementor-element-b74e330 elementor-widget elementor-widget-google_maps\" data-id=\"b74e330\" data-element_type=\"widget\" data-widget_type=\"google_maps.default\">\n\t\t\t\t<div class=\"elementor-widget-container\">\n\t\t\t<style>\/*! elementor - v3.20.0 - 26-03-2024 *\/\n.elementor-widget-google_maps .elementor-widget-container{overflow:hidden}.elementor-widget-google_maps .elementor-custom-embed{line-height:0}.elementor-widget-google_maps iframe{height:300px}<\/style>\t\t<div class=\"elementor-custom-embed\">\n\t\t\t<iframe loading=\"lazy\"\n\t\t\t\t\tsrc=\"https:\/\/maps.google.com\/maps?q=PARANA%201165%2C%20LA%20LUCILA&#038;t=m&#038;z=13&#038;output=embed&#038;iwloc=near\"\n\t\t\t\t\ttitle=\"PARANA 1165, LA LUCILA\"\n\t\t\t\t\taria-label=\"PARANA 1165, LA LUCILA\"\n\t\t\t><\/iframe>\n\t\t<\/div>\n\t\t\t\t<\/div>\n\t\t\t\t<\/div>\n\t\t\t\t<\/div>\n\t\t\t\t<\/div>\n\t\t","protected":false},"excerpt":{"rendered":"<p>NUESTRO PROPOSITO Bodhi es un centro especializado en Cirug\u00eda Pl\u00e1stica y Medicina Est\u00e9tica que tiene como objetivo reconocer el valor de la belleza aut\u00e9ntica de cada individuo. Nos enorgullece ser un centro donde la est\u00e9tica se encuentra con la salud, creando un espacio donde la belleza y el bienestar integral convergen de manera armoniosa. Conf\u00eda [&hellip;]<\/p>\n","protected":false},"author":1,"featured_media":0,"parent":0,"menu_order":4,"comment_status":"closed","ping_status":"closed","template":"","meta":{"_monsterinsights_skip_tracking":false,"_monsterinsights_sitenote_active":false,"_monsterinsights_sitenote_note":"","_monsterinsights_sitenote_category":0,"footnotes":"","_joinchat":[]},"aioseo_notices":[],"_links":{"self":[{"href":"https:\/\/bodhicirugiaplastica.com\/index.php\/wp-json\/wp\/v2\/pages\/13"}],"collection":[{"href":"https:\/\/bodhicirugiaplastica.com\/index.php\/wp-json\/wp\/v2\/pages"}],"about":[{"href":"https:\/\/bodhicirugiaplastica.com\/index.php\/wp-json\/wp\/v2\/types\/page"}],"author":[{"embeddable":true,"href":"https:\/\/bodhicirugiaplastica.com\/index.php\/wp-json\/wp\/v2\/users\/1"}],"replies":[{"embeddable":true,"href":"https:\/\/bodhicirugiaplastica.com\/index.php\/wp-json\/wp\/v2\/comments?post=13"}],"version-history":[{"count":62,"href":"https:\/\/bodhicirugiaplastica.com\/index.php\/wp-json\/wp\/v2\/pages\/13\/revisions"}],"predecessor-version":[{"id":448,"href":"https:\/\/bodhicirugiaplastica.com\/index.php\/wp-json\/wp\/v2\/pages\/13\/revisions\/448"}],"wp:attachment":[{"href":"https:\/\/bodhicirugiaplastica.com\/index.php\/wp-json\/wp\/v2\/media?parent=13"}],"curies":[{"name":"wp","href":"https:\/\/api.w.org\/{rel}","templated":true}]}}