{"id":132,"date":"2024-04-08T14:25:49","date_gmt":"2024-04-08T17:25:49","guid":{"rendered":"https:\/\/bodhicirugiaplastica.com\/?page_id=132"},"modified":"2024-05-09T13:38:34","modified_gmt":"2024-05-09T16:38:34","slug":"estetica-no-invasiva","status":"publish","type":"page","link":"https:\/\/bodhicirugiaplastica.com\/index.php\/estetica-no-invasiva\/","title":{"rendered":"Est\u00e9tica no invasiva"},"content":{"rendered":"\t\t<div data-elementor-type=\"wp-page\" data-elementor-id=\"132\" class=\"elementor elementor-132\" data-elementor-post-type=\"page\">\n\t\t\t\t<div class=\"elementor-element elementor-element-3169ba9 e-con-full e-flex e-con e-parent\" data-id=\"3169ba9\" data-element_type=\"container\" data-core-v316-plus=\"true\">\n\t\t\t\t<div class=\"elementor-element elementor-element-bb56ae2 elementor-widget__width-inherit elementor-widget elementor-widget-image\" data-id=\"bb56ae2\" data-element_type=\"widget\" data-widget_type=\"image.default\">\n\t\t\t\t<div class=\"elementor-widget-container\">\n\t\t\t<style>\/*! elementor - v3.20.0 - 26-03-2024 *\/\n.elementor-widget-image{text-align:center}.elementor-widget-image a{display:inline-block}.elementor-widget-image a img[src$=\".svg\"]{width:48px}.elementor-widget-image img{vertical-align:middle;display:inline-block}<\/style>\t\t\t\t\t\t\t\t\t\t<img fetchpriority=\"high\" decoding=\"async\" width=\"10568\" height=\"2189\" src=\"https:\/\/bodhicirugiaplastica.com\/wp-content\/uploads\/2024\/04\/Recurso-13.png\" class=\"attachment-full size-full wp-image-198\" alt=\"\" srcset=\"https:\/\/bodhicirugiaplastica.com\/wp-content\/uploads\/2024\/04\/Recurso-13.png 10568w, https:\/\/bodhicirugiaplastica.com\/wp-content\/uploads\/2024\/04\/Recurso-13-300x62.png 300w, https:\/\/bodhicirugiaplastica.com\/wp-content\/uploads\/2024\/04\/Recurso-13-1024x212.png 1024w, https:\/\/bodhicirugiaplastica.com\/wp-content\/uploads\/2024\/04\/Recurso-13-768x159.png 768w, https:\/\/bodhicirugiaplastica.com\/wp-content\/uploads\/2024\/04\/Recurso-13-1536x318.png 1536w, https:\/\/bodhicirugiaplastica.com\/wp-content\/uploads\/2024\/04\/Recurso-13-2048x424.png 2048w\" sizes=\"(max-width: 10568px) 100vw, 10568px\" \/>\t\t\t\t\t\t\t\t\t\t\t\t\t<\/div>\n\t\t\t\t<\/div>\n\t\t\t\t<\/div>\n\t\t<div class=\"elementor-element elementor-element-d6aea3b e-con-full e-flex e-con e-parent\" data-id=\"d6aea3b\" data-element_type=\"container\" data-core-v316-plus=\"true\">\n\t\t\t\t<div class=\"elementor-element elementor-element-7da8c83 elementor-widget elementor-widget-heading\" data-id=\"7da8c83\" data-element_type=\"widget\" data-widget_type=\"heading.default\">\n\t\t\t\t<div class=\"elementor-widget-container\">\n\t\t\t<style>\/*! elementor - v3.20.0 - 26-03-2024 *\/\n.elementor-heading-title{padding:0;margin:0;line-height:1}.elementor-widget-heading .elementor-heading-title[class*=elementor-size-]>a{color:inherit;font-size:inherit;line-height:inherit}.elementor-widget-heading .elementor-heading-title.elementor-size-small{font-size:15px}.elementor-widget-heading .elementor-heading-title.elementor-size-medium{font-size:19px}.elementor-widget-heading .elementor-heading-title.elementor-size-large{font-size:29px}.elementor-widget-heading .elementor-heading-title.elementor-size-xl{font-size:39px}.elementor-widget-heading .elementor-heading-title.elementor-size-xxl{font-size:59px}<\/style><h2 class=\"elementor-heading-title elementor-size-default\">HOME \/ EST\u00c9TICA NO INVASIVA<\/h2>\t\t<\/div>\n\t\t\t\t<\/div>\n\t\t\t\t<\/div>\n\t\t<div class=\"elementor-element elementor-element-a914e85 e-con-full e-flex e-con e-parent\" data-id=\"a914e85\" data-element_type=\"container\" data-core-v316-plus=\"true\">\n\t\t\t\t<div class=\"elementor-element elementor-element-3d21763 elementor-widget__width-inherit elementor-widget elementor-widget-heading\" data-id=\"3d21763\" data-element_type=\"widget\" data-widget_type=\"heading.default\">\n\t\t\t\t<div class=\"elementor-widget-container\">\n\t\t\t<h2 class=\"elementor-heading-title elementor-size-default\">Los avances en la tecnolog\u00eda y la medicina lograron brindar tratamientos m\u00ednimamente invasivos que previenen la aceleraci\u00f3n del proceso de envejecimiento, logrando un equilibrio saludable que permite conservar la naturalidad y la frescura. Cada paciente tiene diferentes necesidades y motivaciones, es esencial entender c\u00f3mo lograr los mejores resultados.<\/h2>\t\t<\/div>\n\t\t\t\t<\/div>\n\t\t\t\t<\/div>\n\t\t<div class=\"elementor-element elementor-element-d6bf1f8 e-con-full e-flex e-con e-parent\" data-id=\"d6bf1f8\" data-element_type=\"container\" data-core-v316-plus=\"true\">\n\t\t<div class=\"elementor-element elementor-element-2351093 e-con-full e-flex e-con e-child\" data-id=\"2351093\" data-element_type=\"container\">\n\t\t\t\t<div class=\"elementor-element elementor-element-554e494 elementor-widget-tablet__width-initial elementor-widget elementor-widget-heading\" data-id=\"554e494\" data-element_type=\"widget\" data-widget_type=\"heading.default\">\n\t\t\t\t<div class=\"elementor-widget-container\">\n\t\t\t<h2 class=\"elementor-heading-title elementor-size-default\">SELECCIONE EL TRATAMIENTO<\/h2>\t\t<\/div>\n\t\t\t\t<\/div>\n\t\t\t\t<div class=\"elementor-element elementor-element-f53d350 elementor-align-center elementor-tablet-align-left elementor-widget elementor-widget-button\" data-id=\"f53d350\" data-element_type=\"widget\" data-widget_type=\"button.default\">\n\t\t\t\t<div class=\"elementor-widget-container\">\n\t\t\t\t\t<div class=\"elementor-button-wrapper\">\n\t\t\t<a class=\"elementor-button elementor-button-link elementor-size-sm elementor-animation-shrink\" href=\"https:\/\/bodhicirugiaplastica.com\/index.php\/2024\/05\/06\/toxina-botulinca\/\">\n\t\t\t\t\t\t<span class=\"elementor-button-content-wrapper\">\n\t\t\t\t\t\t<span class=\"elementor-button-text\">Toxina botul\u00ednica<\/span>\n\t\t<\/span>\n\t\t\t\t\t<\/a>\n\t\t<\/div>\n\t\t\t\t<\/div>\n\t\t\t\t<\/div>\n\t\t\t\t<div class=\"elementor-element elementor-element-1dff717 elementor-align-center elementor-tablet-align-left elementor-widget elementor-widget-button\" data-id=\"1dff717\" data-element_type=\"widget\" data-widget_type=\"button.default\">\n\t\t\t\t<div class=\"elementor-widget-container\">\n\t\t\t\t\t<div class=\"elementor-button-wrapper\">\n\t\t\t<a class=\"elementor-button elementor-button-link elementor-size-sm elementor-animation-shrink\" href=\"https:\/\/bodhicirugiaplastica.com\/index.php\/2024\/05\/06\/rellenos\/\">\n\t\t\t\t\t\t<span class=\"elementor-button-content-wrapper\">\n\t\t\t\t\t\t<span class=\"elementor-button-text\">Rellenos<\/span>\n\t\t<\/span>\n\t\t\t\t\t<\/a>\n\t\t<\/div>\n\t\t\t\t<\/div>\n\t\t\t\t<\/div>\n\t\t\t\t<div class=\"elementor-element elementor-element-3feb0ba elementor-align-center elementor-tablet-align-left elementor-widget elementor-widget-button\" data-id=\"3feb0ba\" data-element_type=\"widget\" data-widget_type=\"button.default\">\n\t\t\t\t<div class=\"elementor-widget-container\">\n\t\t\t\t\t<div class=\"elementor-button-wrapper\">\n\t\t\t<a class=\"elementor-button elementor-button-link elementor-size-sm elementor-animation-shrink\" href=\"https:\/\/bodhicirugiaplastica.com\/index.php\/2024\/05\/06\/plasma-rico\/\">\n\t\t\t\t\t\t<span class=\"elementor-button-content-wrapper\">\n\t\t\t\t\t\t<span class=\"elementor-button-text\">Plasma rico<\/span>\n\t\t<\/span>\n\t\t\t\t\t<\/a>\n\t\t<\/div>\n\t\t\t\t<\/div>\n\t\t\t\t<\/div>\n\t\t\t\t<div class=\"elementor-element elementor-element-77da195 elementor-align-center elementor-tablet-align-left elementor-widget elementor-widget-button\" data-id=\"77da195\" data-element_type=\"widget\" data-widget_type=\"button.default\">\n\t\t\t\t<div class=\"elementor-widget-container\">\n\t\t\t\t\t<div class=\"elementor-button-wrapper\">\n\t\t\t<a class=\"elementor-button elementor-button-link elementor-size-sm elementor-animation-shrink\" href=\"https:\/\/bodhicirugiaplastica.com\/index.php\/2024\/05\/06\/mesoterapia\/\">\n\t\t\t\t\t\t<span class=\"elementor-button-content-wrapper\">\n\t\t\t\t\t\t<span class=\"elementor-button-text\">Mesoterapia<\/span>\n\t\t<\/span>\n\t\t\t\t\t<\/a>\n\t\t<\/div>\n\t\t\t\t<\/div>\n\t\t\t\t<\/div>\n\t\t\t\t<\/div>\n\t\t<div class=\"elementor-element elementor-element-26d9180 e-con-full e-flex e-con e-child\" data-id=\"26d9180\" data-element_type=\"container\">\n\t\t\t\t<div class=\"elementor-element elementor-element-da01f98 elementor-align-center elementor-tablet-align-left elementor-widget-tablet__width-initial elementor-widget elementor-widget-button\" data-id=\"da01f98\" data-element_type=\"widget\" data-widget_type=\"button.default\">\n\t\t\t\t<div class=\"elementor-widget-container\">\n\t\t\t\t\t<div class=\"elementor-button-wrapper\">\n\t\t\t<a class=\"elementor-button elementor-button-link elementor-size-sm elementor-animation-shrink\" href=\"https:\/\/bodhicirugiaplastica.com\/index.php\/2024\/05\/06\/radiofrecuencia-reaction\/\">\n\t\t\t\t\t\t<span class=\"elementor-button-content-wrapper\">\n\t\t\t\t\t\t<span class=\"elementor-button-text\">Radiofrecuencia (Reaction)<\/span>\n\t\t<\/span>\n\t\t\t\t\t<\/a>\n\t\t<\/div>\n\t\t\t\t<\/div>\n\t\t\t\t<\/div>\n\t\t\t\t<div class=\"elementor-element elementor-element-9c7480c elementor-align-center elementor-mobile-align-left elementor-widget elementor-widget-button\" data-id=\"9c7480c\" data-element_type=\"widget\" data-widget_type=\"button.default\">\n\t\t\t\t<div class=\"elementor-widget-container\">\n\t\t\t\t\t<div class=\"elementor-button-wrapper\">\n\t\t\t<a class=\"elementor-button elementor-button-link elementor-size-sm elementor-animation-shrink\" href=\"https:\/\/bodhicirugiaplastica.com\/index.php\/2024\/05\/06\/ultracavitacion-cavix\/\">\n\t\t\t\t\t\t<span class=\"elementor-button-content-wrapper\">\n\t\t\t\t\t\t<span class=\"elementor-button-text\">Ultracavitaci\u00f3n (Cavix)<\/span>\n\t\t<\/span>\n\t\t\t\t\t<\/a>\n\t\t<\/div>\n\t\t\t\t<\/div>\n\t\t\t\t<\/div>\n\t\t\t\t<div class=\"elementor-element elementor-element-04f1ef7 elementor-align-center elementor-mobile-align-left elementor-widget-mobile__width-initial elementor-widget elementor-widget-button\" data-id=\"04f1ef7\" data-element_type=\"widget\" data-widget_type=\"button.default\">\n\t\t\t\t<div class=\"elementor-widget-container\">\n\t\t\t\t\t<div class=\"elementor-button-wrapper\">\n\t\t\t<a class=\"elementor-button elementor-button-link elementor-size-sm elementor-animation-shrink\" href=\"https:\/\/bodhicirugiaplastica.com\/index.php\/2024\/05\/06\/radiofrecuencia-subablativa-frax-face\/\">\n\t\t\t\t\t\t<span class=\"elementor-button-content-wrapper\">\n\t\t\t\t\t\t<span class=\"elementor-button-text\">Radiofrecuencia subablativa (Frax face)<\/span>\n\t\t<\/span>\n\t\t\t\t\t<\/a>\n\t\t<\/div>\n\t\t\t\t<\/div>\n\t\t\t\t<\/div>\n\t\t\t\t<div class=\"elementor-element elementor-element-457166f elementor-align-center elementor-mobile-align-left elementor-widget elementor-widget-button\" data-id=\"457166f\" data-element_type=\"widget\" data-widget_type=\"button.default\">\n\t\t\t\t<div class=\"elementor-widget-container\">\n\t\t\t\t\t<div class=\"elementor-button-wrapper\">\n\t\t\t<a class=\"elementor-button elementor-button-link elementor-size-sm elementor-animation-shrink\" href=\"https:\/\/bodhicirugiaplastica.com\/index.php\/2024\/05\/06\/spider\/\">\n\t\t\t\t\t\t<span class=\"elementor-button-content-wrapper\">\n\t\t\t\t\t\t<span class=\"elementor-button-text\">Spider<\/span>\n\t\t<\/span>\n\t\t\t\t\t<\/a>\n\t\t<\/div>\n\t\t\t\t<\/div>\n\t\t\t\t<\/div>\n\t\t\t\t<\/div>\n\t\t\t\t<\/div>\n\t\t<div class=\"elementor-element elementor-element-5ad0484 e-flex e-con-boxed e-con e-parent\" data-id=\"5ad0484\" data-element_type=\"container\" data-core-v316-plus=\"true\">\n\t\t\t\t\t<div class=\"e-con-inner\">\n\t\t\t\t<div class=\"elementor-element elementor-element-e627c6b elementor-widget elementor-widget-heading\" data-id=\"e627c6b\" data-element_type=\"widget\" data-widget_type=\"heading.default\">\n\t\t\t\t<div class=\"elementor-widget-container\">\n\t\t\t<h2 class=\"elementor-heading-title elementor-size-default\">CONSULTA<\/h2>\t\t<\/div>\n\t\t\t\t<\/div>\n\t\t\t\t\t<\/div>\n\t\t\t\t<\/div>\n\t\t<div class=\"elementor-element elementor-element-9400994 e-con-full e-flex e-con e-parent\" data-id=\"9400994\" data-element_type=\"container\" data-core-v316-plus=\"true\">\n\t\t\t\t<div class=\"elementor-element elementor-element-939725a elementor-widget elementor-widget-heading\" data-id=\"939725a\" data-element_type=\"widget\" data-widget_type=\"heading.default\">\n\t\t\t\t<div class=\"elementor-widget-container\">\n\t\t\t<h2 class=\"elementor-heading-title elementor-size-default\">Tenes dudas o queres solicitar un turno?<br>Escribinos tu consulta a nuestro WhatsApp<\/h2>\t\t<\/div>\n\t\t\t\t<\/div>\n\t\t\t\t<\/div>\n\t\t<div class=\"elementor-element elementor-element-58d340b e-flex e-con-boxed e-con e-parent\" data-id=\"58d340b\" data-element_type=\"container\" data-core-v316-plus=\"true\">\n\t\t\t\t\t<div class=\"e-con-inner\">\n\t\t\t\t<div class=\"elementor-element elementor-element-05a7395 elementor-mobile-align-center elementor-widget elementor-widget-button\" data-id=\"05a7395\" data-element_type=\"widget\" data-widget_type=\"button.default\">\n\t\t\t\t<div class=\"elementor-widget-container\">\n\t\t\t\t\t<div class=\"elementor-button-wrapper\">\n\t\t\t<a class=\"elementor-button elementor-button-link elementor-size-sm elementor-animation-shrink\" href=\"https:\/\/wa.me\/541140895281\">\n\t\t\t\t\t\t<span class=\"elementor-button-content-wrapper\">\n\t\t\t\t\t\t<span class=\"elementor-button-text\">Realizar Consulta<\/span>\n\t\t<\/span>\n\t\t\t\t\t<\/a>\n\t\t<\/div>\n\t\t\t\t<\/div>\n\t\t\t\t<\/div>\n\t\t\t\t\t<\/div>\n\t\t\t\t<\/div>\n\t\t\t\t<\/div>\n\t\t","protected":false},"excerpt":{"rendered":"<p>HOME \/ EST\u00c9TICA NO INVASIVA Los avances en la tecnolog\u00eda y la medicina lograron brindar tratamientos m\u00ednimamente invasivos que previenen la aceleraci\u00f3n del proceso de envejecimiento, logrando un equilibrio saludable que permite conservar la naturalidad y la frescura. Cada paciente tiene diferentes necesidades y motivaciones, es esencial entender c\u00f3mo lograr los mejores resultados. SELECCIONE EL [&hellip;]<\/p>\n","protected":false},"author":1,"featured_media":0,"parent":0,"menu_order":0,"comment_status":"closed","ping_status":"closed","template":"","meta":{"_monsterinsights_skip_tracking":false,"_monsterinsights_sitenote_active":false,"_monsterinsights_sitenote_note":"","_monsterinsights_sitenote_category":0,"footnotes":"","_joinchat":[]},"aioseo_notices":[],"_links":{"self":[{"href":"https:\/\/bodhicirugiaplastica.com\/index.php\/wp-json\/wp\/v2\/pages\/132"}],"collection":[{"href":"https:\/\/bodhicirugiaplastica.com\/index.php\/wp-json\/wp\/v2\/pages"}],"about":[{"href":"https:\/\/bodhicirugiaplastica.com\/index.php\/wp-json\/wp\/v2\/types\/page"}],"author":[{"embeddable":true,"href":"https:\/\/bodhicirugiaplastica.com\/index.php\/wp-json\/wp\/v2\/users\/1"}],"replies":[{"embeddable":true,"href":"https:\/\/bodhicirugiaplastica.com\/index.php\/wp-json\/wp\/v2\/comments?post=132"}],"version-history":[{"count":24,"href":"https:\/\/bodhicirugiaplastica.com\/index.php\/wp-json\/wp\/v2\/pages\/132\/revisions"}],"predecessor-version":[{"id":407,"href":"https:\/\/bodhicirugiaplastica.com\/index.php\/wp-json\/wp\/v2\/pages\/132\/revisions\/407"}],"wp:attachment":[{"href":"https:\/\/bodhicirugiaplastica.com\/index.php\/wp-json\/wp\/v2\/media?parent=132"}],"curies":[{"name":"wp","href":"https:\/\/api.w.org\/{rel}","templated":true}]}}