{"id":136,"date":"2024-04-08T14:27:11","date_gmt":"2024-04-08T17:27:11","guid":{"rendered":"https:\/\/bodhicirugiaplastica.com\/?page_id=136"},"modified":"2025-10-04T12:31:36","modified_gmt":"2025-10-04T15:31:36","slug":"medicina-integrativa","status":"publish","type":"page","link":"https:\/\/bodhicirugiaplastica.com\/index.php\/medicina-integrativa\/","title":{"rendered":"Medicina integrativa"},"content":{"rendered":"\t\t<div data-elementor-type=\"wp-page\" data-elementor-id=\"136\" class=\"elementor elementor-136\" data-elementor-post-type=\"page\">\n\t\t\t\t<div class=\"elementor-element elementor-element-d3fb2fd e-con-full e-flex e-con e-parent\" data-id=\"d3fb2fd\" data-element_type=\"container\" data-core-v316-plus=\"true\">\n\t\t\t\t<div class=\"elementor-element elementor-element-9f496cc elementor-widget__width-inherit elementor-widget elementor-widget-image\" data-id=\"9f496cc\" data-element_type=\"widget\" data-widget_type=\"image.default\">\n\t\t\t\t<div class=\"elementor-widget-container\">\n\t\t\t<style>\/*! elementor - v3.20.0 - 26-03-2024 *\/\n.elementor-widget-image{text-align:center}.elementor-widget-image a{display:inline-block}.elementor-widget-image a img[src$=\".svg\"]{width:48px}.elementor-widget-image img{vertical-align:middle;display:inline-block}<\/style>\t\t\t\t\t\t\t\t\t\t<img fetchpriority=\"high\" decoding=\"async\" width=\"10568\" height=\"2189\" src=\"https:\/\/bodhicirugiaplastica.com\/wp-content\/uploads\/2024\/04\/Recurso-14.png\" class=\"attachment-full size-full wp-image-217\" alt=\"\" srcset=\"https:\/\/bodhicirugiaplastica.com\/wp-content\/uploads\/2024\/04\/Recurso-14.png 10568w, https:\/\/bodhicirugiaplastica.com\/wp-content\/uploads\/2024\/04\/Recurso-14-300x62.png 300w, https:\/\/bodhicirugiaplastica.com\/wp-content\/uploads\/2024\/04\/Recurso-14-1024x212.png 1024w, https:\/\/bodhicirugiaplastica.com\/wp-content\/uploads\/2024\/04\/Recurso-14-768x159.png 768w, https:\/\/bodhicirugiaplastica.com\/wp-content\/uploads\/2024\/04\/Recurso-14-1536x318.png 1536w, https:\/\/bodhicirugiaplastica.com\/wp-content\/uploads\/2024\/04\/Recurso-14-2048x424.png 2048w\" sizes=\"(max-width: 10568px) 100vw, 10568px\" \/>\t\t\t\t\t\t\t\t\t\t\t\t\t<\/div>\n\t\t\t\t<\/div>\n\t\t\t\t<\/div>\n\t\t<div class=\"elementor-element elementor-element-d2c6ccc e-con-full e-flex e-con e-parent\" data-id=\"d2c6ccc\" data-element_type=\"container\" data-core-v316-plus=\"true\">\n\t\t\t\t<div class=\"elementor-element elementor-element-7b4bd90 elementor-widget elementor-widget-heading\" data-id=\"7b4bd90\" data-element_type=\"widget\" data-widget_type=\"heading.default\">\n\t\t\t\t<div class=\"elementor-widget-container\">\n\t\t\t<style>\/*! elementor - v3.20.0 - 26-03-2024 *\/\n.elementor-heading-title{padding:0;margin:0;line-height:1}.elementor-widget-heading .elementor-heading-title[class*=elementor-size-]>a{color:inherit;font-size:inherit;line-height:inherit}.elementor-widget-heading .elementor-heading-title.elementor-size-small{font-size:15px}.elementor-widget-heading .elementor-heading-title.elementor-size-medium{font-size:19px}.elementor-widget-heading .elementor-heading-title.elementor-size-large{font-size:29px}.elementor-widget-heading .elementor-heading-title.elementor-size-xl{font-size:39px}.elementor-widget-heading .elementor-heading-title.elementor-size-xxl{font-size:59px}<\/style><h2 class=\"elementor-heading-title elementor-size-default\">HOME \/ MEDICINA INTEGRATIVA<\/h2>\t\t<\/div>\n\t\t\t\t<\/div>\n\t\t\t\t<\/div>\n\t\t<div class=\"elementor-element elementor-element-2685ed1 e-flex e-con-boxed e-con e-parent\" data-id=\"2685ed1\" data-element_type=\"container\" data-core-v316-plus=\"true\">\n\t\t\t\t\t<div class=\"e-con-inner\">\n\t\t\t\t<div class=\"elementor-element elementor-element-f38bdaf elementor-widget__width-inherit elementor-widget elementor-widget-heading\" data-id=\"f38bdaf\" data-element_type=\"widget\" data-widget_type=\"heading.default\">\n\t\t\t\t<div class=\"elementor-widget-container\">\n\t\t\t<h2 class=\"elementor-heading-title elementor-size-default\"><p data-pm-slice=\"1 1 []\">En Bodhi, i<span style=\"color: inherit; font-family: inherit; letter-spacing: 0px;\">ncorporamos pr\u00e1cticas innovadoras que van m\u00e1s all\u00e1 de los l\u00edmites convencionales, proporcionando un enfoque hol\u00edstico hacia la salud en una experiencia transformadora para cuerpo, mente y esp\u00edritu.<\/span><\/p>\n<br>\n\nEntre nuestras t\u00e9cnicas destacadas se encuentran la acupuntura, la fitoterapia y la energ\u00eda escalar de Tesla, cada una dise\u00f1ada para complementar y potenciar tu bienestar de manera integral.\n<br>\n<br>\nLa acupuntura, basada en principios milenarios, utiliza la estimulaci\u00f3n de puntos espec\u00edficos para mejorar el flujo de energ\u00eda vital, promoviendo la armon\u00eda interna y aliviando diversas condiciones f\u00edsicas y emocionales. La fitoterapia, por su parte, emplea extractos naturales de plantas para apoyar la salud y el equilibrio del cuerpo, aprovechando los beneficios curativos de la naturaleza.\n<br>\n<br>\nAdem\u00e1s, en Bodhi, exploramos las posibilidades revolucionarias de la energ\u00eda escalar de Tesla. Esta tecnolog\u00eda avanzada busca restaurar la energ\u00eda electromagn\u00e9tica del cuerpo, promoviendo una sensaci\u00f3n de equilibrio y bienestar a nivel celular.\n<\/h2>\t\t<\/div>\n\t\t\t\t<\/div>\n\t\t\t\t\t<\/div>\n\t\t\t\t<\/div>\n\t\t<div class=\"elementor-element elementor-element-033e1dd e-con-full e-flex e-con e-parent\" data-id=\"033e1dd\" data-element_type=\"container\" data-core-v316-plus=\"true\">\n\t\t\t\t<\/div>\n\t\t<div class=\"elementor-element elementor-element-562fd15 e-flex e-con-boxed e-con e-parent\" data-id=\"562fd15\" data-element_type=\"container\" data-core-v316-plus=\"true\">\n\t\t\t\t\t<div class=\"e-con-inner\">\n\t\t\t\t<div class=\"elementor-element elementor-element-0aeb26a elementor-widget elementor-widget-heading\" data-id=\"0aeb26a\" data-element_type=\"widget\" data-widget_type=\"heading.default\">\n\t\t\t\t<div class=\"elementor-widget-container\">\n\t\t\t<h2 class=\"elementor-heading-title elementor-size-default\">CONSULTA<\/h2>\t\t<\/div>\n\t\t\t\t<\/div>\n\t\t\t\t\t<\/div>\n\t\t\t\t<\/div>\n\t\t<div class=\"elementor-element elementor-element-c3ac7c7 e-con-full e-flex e-con e-parent\" data-id=\"c3ac7c7\" data-element_type=\"container\" data-core-v316-plus=\"true\">\n\t\t\t\t<div class=\"elementor-element elementor-element-61dbc4a elementor-widget elementor-widget-heading\" data-id=\"61dbc4a\" data-element_type=\"widget\" data-widget_type=\"heading.default\">\n\t\t\t\t<div class=\"elementor-widget-container\">\n\t\t\t<h2 class=\"elementor-heading-title elementor-size-default\">Tenes dudas o queres solicitar un turno?<br>Escribinos tu consulta a nuestro WhatsApp<\/h2>\t\t<\/div>\n\t\t\t\t<\/div>\n\t\t\t\t<\/div>\n\t\t<div class=\"elementor-element elementor-element-fc7e2ab e-flex e-con-boxed e-con e-parent\" data-id=\"fc7e2ab\" data-element_type=\"container\" data-core-v316-plus=\"true\">\n\t\t\t\t\t<div class=\"e-con-inner\">\n\t\t\t\t<div class=\"elementor-element elementor-element-a8e3f85 elementor-widget elementor-widget-button\" data-id=\"a8e3f85\" data-element_type=\"widget\" data-widget_type=\"button.default\">\n\t\t\t\t<div class=\"elementor-widget-container\">\n\t\t\t\t\t<div class=\"elementor-button-wrapper\">\n\t\t\t<a class=\"elementor-button elementor-button-link elementor-size-sm elementor-animation-shrink\" href=\"https:\/\/wa.me\/541140895281\">\n\t\t\t\t\t\t<span class=\"elementor-button-content-wrapper\">\n\t\t\t\t\t\t<span class=\"elementor-button-text\">Realizar Consulta<\/span>\n\t\t<\/span>\n\t\t\t\t\t<\/a>\n\t\t<\/div>\n\t\t\t\t<\/div>\n\t\t\t\t<\/div>\n\t\t\t\t\t<\/div>\n\t\t\t\t<\/div>\n\t\t\t\t<\/div>\n\t\t","protected":false},"excerpt":{"rendered":"<p>HOME \/ MEDICINA INTEGRATIVA En Bodhi, incorporamos pr\u00e1cticas innovadoras que van m\u00e1s all\u00e1 de los l\u00edmites convencionales, proporcionando un enfoque hol\u00edstico hacia la salud en una experiencia transformadora para cuerpo, mente y esp\u00edritu. Entre nuestras t\u00e9cnicas destacadas se encuentran la acupuntura, la fitoterapia y la energ\u00eda escalar de Tesla, cada una dise\u00f1ada para complementar y [&hellip;]<\/p>\n","protected":false},"author":1,"featured_media":0,"parent":0,"menu_order":0,"comment_status":"closed","ping_status":"closed","template":"","meta":{"_monsterinsights_skip_tracking":false,"_monsterinsights_sitenote_active":false,"_monsterinsights_sitenote_note":"","_monsterinsights_sitenote_category":0,"footnotes":"","_joinchat":[]},"aioseo_notices":[],"_links":{"self":[{"href":"https:\/\/bodhicirugiaplastica.com\/index.php\/wp-json\/wp\/v2\/pages\/136"}],"collection":[{"href":"https:\/\/bodhicirugiaplastica.com\/index.php\/wp-json\/wp\/v2\/pages"}],"about":[{"href":"https:\/\/bodhicirugiaplastica.com\/index.php\/wp-json\/wp\/v2\/types\/page"}],"author":[{"embeddable":true,"href":"https:\/\/bodhicirugiaplastica.com\/index.php\/wp-json\/wp\/v2\/users\/1"}],"replies":[{"embeddable":true,"href":"https:\/\/bodhicirugiaplastica.com\/index.php\/wp-json\/wp\/v2\/comments?post=136"}],"version-history":[{"count":27,"href":"https:\/\/bodhicirugiaplastica.com\/index.php\/wp-json\/wp\/v2\/pages\/136\/revisions"}],"predecessor-version":[{"id":429,"href":"https:\/\/bodhicirugiaplastica.com\/index.php\/wp-json\/wp\/v2\/pages\/136\/revisions\/429"}],"wp:attachment":[{"href":"https:\/\/bodhicirugiaplastica.com\/index.php\/wp-json\/wp\/v2\/media?parent=136"}],"curies":[{"name":"wp","href":"https:\/\/api.w.org\/{rel}","templated":true}]}}