{"id":97,"date":"2024-04-08T13:05:25","date_gmt":"2024-04-08T16:05:25","guid":{"rendered":"https:\/\/bodhicirugiaplastica.com\/?page_id=97"},"modified":"2024-04-09T13:31:23","modified_gmt":"2024-04-09T16:31:23","slug":"tratamientos-2","status":"publish","type":"page","link":"https:\/\/bodhicirugiaplastica.com\/index.php\/tratamientos-2\/","title":{"rendered":"TRATAMIENTOS"},"content":{"rendered":"\t\t<div data-elementor-type=\"wp-page\" data-elementor-id=\"97\" class=\"elementor elementor-97\" data-elementor-post-type=\"page\">\n\t\t\t\t<div class=\"elementor-element elementor-element-8ef3e4e e-con-full e-flex e-con e-parent\" data-id=\"8ef3e4e\" data-element_type=\"container\" data-core-v316-plus=\"true\">\n\t\t\t\t<div class=\"elementor-element elementor-element-7e5b3d6 elementor-widget elementor-widget-image\" data-id=\"7e5b3d6\" data-element_type=\"widget\" data-widget_type=\"image.default\">\n\t\t\t\t<div class=\"elementor-widget-container\">\n\t\t\t<style>\/*! elementor - v3.20.0 - 26-03-2024 *\/\n.elementor-widget-image{text-align:center}.elementor-widget-image a{display:inline-block}.elementor-widget-image a img[src$=\".svg\"]{width:48px}.elementor-widget-image img{vertical-align:middle;display:inline-block}<\/style>\t\t\t\t\t\t\t\t\t\t<img fetchpriority=\"high\" decoding=\"async\" width=\"10568\" height=\"2189\" src=\"https:\/\/bodhicirugiaplastica.com\/wp-content\/uploads\/2024\/04\/Recurso-11.png\" class=\"attachment-full size-full wp-image-103\" alt=\"\" srcset=\"https:\/\/bodhicirugiaplastica.com\/wp-content\/uploads\/2024\/04\/Recurso-11.png 10568w, https:\/\/bodhicirugiaplastica.com\/wp-content\/uploads\/2024\/04\/Recurso-11-300x62.png 300w, https:\/\/bodhicirugiaplastica.com\/wp-content\/uploads\/2024\/04\/Recurso-11-1024x212.png 1024w, https:\/\/bodhicirugiaplastica.com\/wp-content\/uploads\/2024\/04\/Recurso-11-768x159.png 768w, https:\/\/bodhicirugiaplastica.com\/wp-content\/uploads\/2024\/04\/Recurso-11-1536x318.png 1536w, https:\/\/bodhicirugiaplastica.com\/wp-content\/uploads\/2024\/04\/Recurso-11-2048x424.png 2048w\" sizes=\"(max-width: 10568px) 100vw, 10568px\" \/>\t\t\t\t\t\t\t\t\t\t\t\t\t<\/div>\n\t\t\t\t<\/div>\n\t\t\t\t<\/div>\n\t\t<div class=\"elementor-element elementor-element-ce1d7ed e-flex e-con-boxed e-con e-parent\" data-id=\"ce1d7ed\" data-element_type=\"container\" data-core-v316-plus=\"true\">\n\t\t\t\t\t<div class=\"e-con-inner\">\n\t\t\t\t<div class=\"elementor-element elementor-element-7266702 elementor-widget elementor-widget-heading\" data-id=\"7266702\" data-element_type=\"widget\" data-widget_type=\"heading.default\">\n\t\t\t\t<div class=\"elementor-widget-container\">\n\t\t\t<style>\/*! elementor - v3.20.0 - 26-03-2024 *\/\n.elementor-heading-title{padding:0;margin:0;line-height:1}.elementor-widget-heading .elementor-heading-title[class*=elementor-size-]>a{color:inherit;font-size:inherit;line-height:inherit}.elementor-widget-heading .elementor-heading-title.elementor-size-small{font-size:15px}.elementor-widget-heading .elementor-heading-title.elementor-size-medium{font-size:19px}.elementor-widget-heading .elementor-heading-title.elementor-size-large{font-size:29px}.elementor-widget-heading .elementor-heading-title.elementor-size-xl{font-size:39px}.elementor-widget-heading .elementor-heading-title.elementor-size-xxl{font-size:59px}<\/style><h2 class=\"elementor-heading-title elementor-size-default\">TRATAMIENTOS<\/h2>\t\t<\/div>\n\t\t\t\t<\/div>\n\t\t\t\t\t<\/div>\n\t\t\t\t<\/div>\n\t\t<div class=\"elementor-element elementor-element-4826a8e e-con-full e-flex e-con e-parent\" data-id=\"4826a8e\" data-element_type=\"container\" data-core-v316-plus=\"true\">\n\t\t<div class=\"elementor-element elementor-element-4333cc4 e-con-full e-flex e-con e-child\" data-id=\"4333cc4\" data-element_type=\"container\">\n\t\t\t\t<div class=\"elementor-element elementor-element-9cadadf elementor-align-center elementor-widget elementor-widget-button\" data-id=\"9cadadf\" data-element_type=\"widget\" data-widget_type=\"button.default\">\n\t\t\t\t<div class=\"elementor-widget-container\">\n\t\t\t\t\t<div class=\"elementor-button-wrapper\">\n\t\t\t<a class=\"elementor-button elementor-button-link elementor-size-sm elementor-animation-shrink\" href=\"https:\/\/bodhicirugiaplastica.com\/index.php\/cirugia-plastica\/\">\n\t\t\t\t\t\t<span class=\"elementor-button-content-wrapper\">\n\t\t\t\t\t\t<span class=\"elementor-button-text\">CIRUG\u00cdA PL\u00c1STICA<\/span>\n\t\t<\/span>\n\t\t\t\t\t<\/a>\n\t\t<\/div>\n\t\t\t\t<\/div>\n\t\t\t\t<\/div>\n\t\t\t\t<\/div>\n\t\t<div class=\"elementor-element elementor-element-fa1ca5e e-con-full e-flex e-con e-child\" data-id=\"fa1ca5e\" data-element_type=\"container\">\n\t\t\t\t<div class=\"elementor-element elementor-element-19ce4d6 elementor-align-center elementor-widget-mobile__width-initial elementor-widget elementor-widget-button\" data-id=\"19ce4d6\" data-element_type=\"widget\" data-widget_type=\"button.default\">\n\t\t\t\t<div class=\"elementor-widget-container\">\n\t\t\t\t\t<div class=\"elementor-button-wrapper\">\n\t\t\t<a class=\"elementor-button elementor-button-link elementor-size-sm elementor-animation-shrink\" href=\"https:\/\/bodhicirugiaplastica.com\/index.php\/estetica-no-invasiva\/\">\n\t\t\t\t\t\t<span class=\"elementor-button-content-wrapper\">\n\t\t\t\t\t\t<span class=\"elementor-button-text\">EST\u00c9TICA NO INVASIVA<\/span>\n\t\t<\/span>\n\t\t\t\t\t<\/a>\n\t\t<\/div>\n\t\t\t\t<\/div>\n\t\t\t\t<\/div>\n\t\t\t\t<\/div>\n\t\t<div class=\"elementor-element elementor-element-004ff37 e-con-full e-flex e-con e-child\" data-id=\"004ff37\" data-element_type=\"container\">\n\t\t\t\t<div class=\"elementor-element elementor-element-8db6c86 elementor-align-center elementor-widget elementor-widget-button\" data-id=\"8db6c86\" data-element_type=\"widget\" data-widget_type=\"button.default\">\n\t\t\t\t<div class=\"elementor-widget-container\">\n\t\t\t\t\t<div class=\"elementor-button-wrapper\">\n\t\t\t<a class=\"elementor-button elementor-button-link elementor-size-sm elementor-animation-shrink\" href=\"https:\/\/bodhicirugiaplastica.com\/index.php\/medicina-integrativa\/\">\n\t\t\t\t\t\t<span class=\"elementor-button-content-wrapper\">\n\t\t\t\t\t\t<span class=\"elementor-button-text\">MEDICINA INTEGRATIVA<\/span>\n\t\t<\/span>\n\t\t\t\t\t<\/a>\n\t\t<\/div>\n\t\t\t\t<\/div>\n\t\t\t\t<\/div>\n\t\t\t\t<\/div>\n\t\t\t\t<\/div>\n\t\t\t\t<\/div>\n\t\t","protected":false},"excerpt":{"rendered":"<p>TRATAMIENTOS CIRUG\u00cdA PL\u00c1STICA EST\u00c9TICA NO INVASIVA MEDICINA INTEGRATIVA<\/p>\n","protected":false},"author":1,"featured_media":0,"parent":0,"menu_order":0,"comment_status":"closed","ping_status":"closed","template":"","meta":{"_monsterinsights_skip_tracking":false,"_monsterinsights_sitenote_active":false,"_monsterinsights_sitenote_note":"","_monsterinsights_sitenote_category":0,"footnotes":"","_joinchat":[]},"aioseo_notices":[],"_links":{"self":[{"href":"https:\/\/bodhicirugiaplastica.com\/index.php\/wp-json\/wp\/v2\/pages\/97"}],"collection":[{"href":"https:\/\/bodhicirugiaplastica.com\/index.php\/wp-json\/wp\/v2\/pages"}],"about":[{"href":"https:\/\/bodhicirugiaplastica.com\/index.php\/wp-json\/wp\/v2\/types\/page"}],"author":[{"embeddable":true,"href":"https:\/\/bodhicirugiaplastica.com\/index.php\/wp-json\/wp\/v2\/users\/1"}],"replies":[{"embeddable":true,"href":"https:\/\/bodhicirugiaplastica.com\/index.php\/wp-json\/wp\/v2\/comments?post=97"}],"version-history":[{"count":27,"href":"https:\/\/bodhicirugiaplastica.com\/index.php\/wp-json\/wp\/v2\/pages\/97\/revisions"}],"predecessor-version":[{"id":246,"href":"https:\/\/bodhicirugiaplastica.com\/index.php\/wp-json\/wp\/v2\/pages\/97\/revisions\/246"}],"wp:attachment":[{"href":"https:\/\/bodhicirugiaplastica.com\/index.php\/wp-json\/wp\/v2\/media?parent=97"}],"curies":[{"name":"wp","href":"https:\/\/api.w.org\/{rel}","templated":true}]}}